{"id":55,"date":"2017-01-05T14:32:49","date_gmt":"2017-01-05T14:32:49","guid":{"rendered":"https:\/\/smuckers.think-kik.com\/fr-ca\/?page_id=55"},"modified":"2020-11-23T15:18:46","modified_gmt":"2020-11-23T15:18:46","slug":"nos-services","status":"publish","type":"page","link":"https:\/\/www.smuckerawayfromhome.ca\/fr-ca\/nos-services\/","title":{"rendered":"Nos services"},"content":{"rendered":"","protected":false},"excerpt":{"rendered":"","protected":false},"author":3,"featured_media":628,"parent":0,"menu_order":0,"comment_status":"closed","ping_status":"closed","template":"","meta":{"_monsterinsights_skip_tracking":false,"_monsterinsights_sitenote_active":false,"_monsterinsights_sitenote_note":"","_monsterinsights_sitenote_category":0,"footnotes":""},"class_list":["post-55","page","type-page","status-publish","has-post-thumbnail","hentry"],"yoast_head":"<!-- This site is optimized with the Yoast SEO plugin v23.9 - https:\/\/yoast.com\/wordpress\/plugins\/seo\/ -->\n<title>Nos services | Smucker Service Alimentaire<\/title>\n<meta name=\"description\" content=\"Gr\u00e2ce \u00e0 son \u00e9quipe de soutien charg\u00e9e de l\u2019\u00e9quipement pour services alimentaires, Smucker Foods of Canada assure \u00e0 ses clients une exp\u00e9rience de...\" \/>\n<meta name=\"robots\" content=\"index, follow, max-snippet:-1, max-image-preview:large, max-video-preview:-1\" \/>\n<link rel=\"canonical\" href=\"https:\/\/www.smuckerawayfromhome.ca\/fr-ca\/nos-services\/\" \/>\n<meta property=\"og:locale\" content=\"fr_FR\" \/>\n<meta property=\"og:type\" content=\"article\" \/>\n<meta property=\"og:title\" content=\"Nos services | Smucker Service Alimentaire\" \/>\n<meta property=\"og:description\" content=\"Gr\u00e2ce \u00e0 son \u00e9quipe de soutien charg\u00e9e de l\u2019\u00e9quipement pour services alimentaires, Smucker Foods of Canada assure \u00e0 ses clients une exp\u00e9rience de...\" \/>\n<meta property=\"og:url\" content=\"https:\/\/www.smuckerawayfromhome.ca\/fr-ca\/nos-services\/\" \/>\n<meta property=\"og:site_name\" content=\"Smucker hors domicile\" \/>\n<meta property=\"article:modified_time\" content=\"2020-11-23T15:18:46+00:00\" \/>\n<meta property=\"og:image\" content=\"https:\/\/www.smuckerawayfromhome.ca\/fr-ca\/wp-content\/uploads\/sites\/2\/2020\/11\/our-service-banner-fr-r2.jpg\" \/>\n\t<meta property=\"og:image:width\" content=\"1500\" \/>\n\t<meta property=\"og:image:height\" content=\"370\" \/>\n\t<meta property=\"og:image:type\" content=\"image\/jpeg\" \/>\n<meta name=\"twitter:card\" content=\"summary_large_image\" \/>\n<script type=\"application\/ld+json\" class=\"yoast-schema-graph\">{\"@context\":\"https:\/\/schema.org\",\"@graph\":[{\"@type\":\"WebPage\",\"@id\":\"https:\/\/www.smuckerawayfromhome.ca\/fr-ca\/nos-services\/\",\"url\":\"https:\/\/www.smuckerawayfromhome.ca\/fr-ca\/nos-services\/\",\"name\":\"Nos services | Smucker Service Alimentaire\",\"isPartOf\":{\"@id\":\"https:\/\/www.smuckerawayfromhome.ca\/fr-ca\/#website\"},\"primaryImageOfPage\":{\"@id\":\"https:\/\/www.smuckerawayfromhome.ca\/fr-ca\/nos-services\/#primaryimage\"},\"image\":{\"@id\":\"https:\/\/www.smuckerawayfromhome.ca\/fr-ca\/nos-services\/#primaryimage\"},\"thumbnailUrl\":\"https:\/\/www.smuckerawayfromhome.ca\/fr-ca\/wp-content\/uploads\/sites\/2\/2020\/11\/our-service-banner-fr-r2.jpg\",\"datePublished\":\"2017-01-05T14:32:49+00:00\",\"dateModified\":\"2020-11-23T15:18:46+00:00\",\"description\":\"Gr\u00e2ce \u00e0 son \u00e9quipe de soutien charg\u00e9e de l\u2019\u00e9quipement pour services alimentaires, Smucker Foods of Canada assure \u00e0 ses clients une exp\u00e9rience de...\",\"breadcrumb\":{\"@id\":\"https:\/\/www.smuckerawayfromhome.ca\/fr-ca\/nos-services\/#breadcrumb\"},\"inLanguage\":\"fr-FR\",\"potentialAction\":[{\"@type\":\"ReadAction\",\"target\":[\"https:\/\/www.smuckerawayfromhome.ca\/fr-ca\/nos-services\/\"]}]},{\"@type\":\"ImageObject\",\"inLanguage\":\"fr-FR\",\"@id\":\"https:\/\/www.smuckerawayfromhome.ca\/fr-ca\/nos-services\/#primaryimage\",\"url\":\"https:\/\/www.smuckerawayfromhome.ca\/fr-ca\/wp-content\/uploads\/sites\/2\/2020\/11\/our-service-banner-fr-r2.jpg\",\"contentUrl\":\"https:\/\/www.smuckerawayfromhome.ca\/fr-ca\/wp-content\/uploads\/sites\/2\/2020\/11\/our-service-banner-fr-r2.jpg\",\"width\":1500,\"height\":370,\"caption\":\"our-service-banner-fr-r2\"},{\"@type\":\"BreadcrumbList\",\"@id\":\"https:\/\/www.smuckerawayfromhome.ca\/fr-ca\/nos-services\/#breadcrumb\",\"itemListElement\":[{\"@type\":\"ListItem\",\"position\":1,\"name\":\"Home\",\"item\":\"https:\/\/www.smuckerawayfromhome.ca\/fr-ca\/\"},{\"@type\":\"ListItem\",\"position\":2,\"name\":\"Nos services\"}]},{\"@type\":\"WebSite\",\"@id\":\"https:\/\/www.smuckerawayfromhome.ca\/fr-ca\/#website\",\"url\":\"https:\/\/www.smuckerawayfromhome.ca\/fr-ca\/\",\"name\":\"Smucker hors domicile\",\"description\":\"Tartinades, cafes, condiments et plus encore!\",\"potentialAction\":[{\"@type\":\"SearchAction\",\"target\":{\"@type\":\"EntryPoint\",\"urlTemplate\":\"https:\/\/www.smuckerawayfromhome.ca\/fr-ca\/?s={search_term_string}\"},\"query-input\":{\"@type\":\"PropertyValueSpecification\",\"valueRequired\":true,\"valueName\":\"search_term_string\"}}],\"inLanguage\":\"fr-FR\"}]}<\/script>\n<!-- \/ Yoast SEO plugin. -->","yoast_head_json":{"title":"Nos services | Smucker Service Alimentaire","description":"Gr\u00e2ce \u00e0 son \u00e9quipe de soutien charg\u00e9e de l\u2019\u00e9quipement pour services alimentaires, Smucker Foods of Canada assure \u00e0 ses clients une exp\u00e9rience de...","robots":{"index":"index","follow":"follow","max-snippet":"max-snippet:-1","max-image-preview":"max-image-preview:large","max-video-preview":"max-video-preview:-1"},"canonical":"https:\/\/www.smuckerawayfromhome.ca\/fr-ca\/nos-services\/","og_locale":"fr_FR","og_type":"article","og_title":"Nos services | Smucker Service Alimentaire","og_description":"Gr\u00e2ce \u00e0 son \u00e9quipe de soutien charg\u00e9e de l\u2019\u00e9quipement pour services alimentaires, Smucker Foods of Canada assure \u00e0 ses clients une exp\u00e9rience de...","og_url":"https:\/\/www.smuckerawayfromhome.ca\/fr-ca\/nos-services\/","og_site_name":"Smucker hors domicile","article_modified_time":"2020-11-23T15:18:46+00:00","og_image":[{"width":1500,"height":370,"url":"https:\/\/www.smuckerawayfromhome.ca\/fr-ca\/wp-content\/uploads\/sites\/2\/2020\/11\/our-service-banner-fr-r2.jpg","type":"image\/jpeg"}],"twitter_card":"summary_large_image","schema":{"@context":"https:\/\/schema.org","@graph":[{"@type":"WebPage","@id":"https:\/\/www.smuckerawayfromhome.ca\/fr-ca\/nos-services\/","url":"https:\/\/www.smuckerawayfromhome.ca\/fr-ca\/nos-services\/","name":"Nos services | Smucker Service Alimentaire","isPartOf":{"@id":"https:\/\/www.smuckerawayfromhome.ca\/fr-ca\/#website"},"primaryImageOfPage":{"@id":"https:\/\/www.smuckerawayfromhome.ca\/fr-ca\/nos-services\/#primaryimage"},"image":{"@id":"https:\/\/www.smuckerawayfromhome.ca\/fr-ca\/nos-services\/#primaryimage"},"thumbnailUrl":"https:\/\/www.smuckerawayfromhome.ca\/fr-ca\/wp-content\/uploads\/sites\/2\/2020\/11\/our-service-banner-fr-r2.jpg","datePublished":"2017-01-05T14:32:49+00:00","dateModified":"2020-11-23T15:18:46+00:00","description":"Gr\u00e2ce \u00e0 son \u00e9quipe de soutien charg\u00e9e de l\u2019\u00e9quipement pour services alimentaires, Smucker Foods of Canada assure \u00e0 ses clients une exp\u00e9rience de...","breadcrumb":{"@id":"https:\/\/www.smuckerawayfromhome.ca\/fr-ca\/nos-services\/#breadcrumb"},"inLanguage":"fr-FR","potentialAction":[{"@type":"ReadAction","target":["https:\/\/www.smuckerawayfromhome.ca\/fr-ca\/nos-services\/"]}]},{"@type":"ImageObject","inLanguage":"fr-FR","@id":"https:\/\/www.smuckerawayfromhome.ca\/fr-ca\/nos-services\/#primaryimage","url":"https:\/\/www.smuckerawayfromhome.ca\/fr-ca\/wp-content\/uploads\/sites\/2\/2020\/11\/our-service-banner-fr-r2.jpg","contentUrl":"https:\/\/www.smuckerawayfromhome.ca\/fr-ca\/wp-content\/uploads\/sites\/2\/2020\/11\/our-service-banner-fr-r2.jpg","width":1500,"height":370,"caption":"our-service-banner-fr-r2"},{"@type":"BreadcrumbList","@id":"https:\/\/www.smuckerawayfromhome.ca\/fr-ca\/nos-services\/#breadcrumb","itemListElement":[{"@type":"ListItem","position":1,"name":"Home","item":"https:\/\/www.smuckerawayfromhome.ca\/fr-ca\/"},{"@type":"ListItem","position":2,"name":"Nos services"}]},{"@type":"WebSite","@id":"https:\/\/www.smuckerawayfromhome.ca\/fr-ca\/#website","url":"https:\/\/www.smuckerawayfromhome.ca\/fr-ca\/","name":"Smucker hors domicile","description":"Tartinades, cafes, condiments et plus encore!","potentialAction":[{"@type":"SearchAction","target":{"@type":"EntryPoint","urlTemplate":"https:\/\/www.smuckerawayfromhome.ca\/fr-ca\/?s={search_term_string}"},"query-input":{"@type":"PropertyValueSpecification","valueRequired":true,"valueName":"search_term_string"}}],"inLanguage":"fr-FR"}]}},"_links":{"self":[{"href":"https:\/\/www.smuckerawayfromhome.ca\/fr-ca\/wp-json\/wp\/v2\/pages\/55"}],"collection":[{"href":"https:\/\/www.smuckerawayfromhome.ca\/fr-ca\/wp-json\/wp\/v2\/pages"}],"about":[{"href":"https:\/\/www.smuckerawayfromhome.ca\/fr-ca\/wp-json\/wp\/v2\/types\/page"}],"author":[{"embeddable":true,"href":"https:\/\/www.smuckerawayfromhome.ca\/fr-ca\/wp-json\/wp\/v2\/users\/3"}],"replies":[{"embeddable":true,"href":"https:\/\/www.smuckerawayfromhome.ca\/fr-ca\/wp-json\/wp\/v2\/comments?post=55"}],"version-history":[{"count":0,"href":"https:\/\/www.smuckerawayfromhome.ca\/fr-ca\/wp-json\/wp\/v2\/pages\/55\/revisions"}],"wp:featuredmedia":[{"embeddable":true,"href":"https:\/\/www.smuckerawayfromhome.ca\/fr-ca\/wp-json\/wp\/v2\/media\/628"}],"wp:attachment":[{"href":"https:\/\/www.smuckerawayfromhome.ca\/fr-ca\/wp-json\/wp\/v2\/media?parent=55"}],"curies":[{"name":"wp","href":"https:\/\/api.w.org\/{rel}","templated":true}]}}